{"id":1679,"date":"2024-07-01T21:51:14","date_gmt":"2024-07-01T21:51:14","guid":{"rendered":"https:\/\/meta-mat.co.uk\/?page_id=1679"},"modified":"2024-11-10T12:22:46","modified_gmt":"2024-11-10T12:22:46","slug":"building-acoustics","status":"publish","type":"page","link":"https:\/\/meta-mat.co.uk\/fr\/building-acoustics\/","title":{"rendered":"Acoustique du b\u00e2timent"},"content":{"rendered":"<div data-elementor-type=\"wp-page\" data-elementor-id=\"1679\" class=\"elementor elementor-1679\">\n\t\t\t\t<div class=\"elementor-element elementor-element-7eb0977 e-flex e-con-boxed e-con e-parent\" data-id=\"7eb0977\" data-element_type=\"container\" data-e-type=\"container\" data-settings=\"{&quot;background_background&quot;:&quot;classic&quot;}\">\n\t\t\t\t\t<div class=\"e-con-inner\">\n\t\t<div class=\"elementor-element elementor-element-04b2b8f e-flex e-con-boxed e-con e-child\" data-id=\"04b2b8f\" data-element_type=\"container\" data-e-type=\"container\">\n\t\t\t\t\t<div class=\"e-con-inner\">\n\t\t<div class=\"elementor-element elementor-element-7a60362 e-con-full e-flex e-con e-child\" data-id=\"7a60362\" data-element_type=\"container\" data-e-type=\"container\">\n\t\t\t\t<div class=\"elementor-element elementor-element-3bce4f4 elementor-widget elementor-widget-image\" data-id=\"3bce4f4\" data-element_type=\"widget\" data-e-type=\"widget\" data-widget_type=\"image.default\">\n\t\t\t\t<div class=\"elementor-widget-container\">\n\t\t\t\t\t\t\t\t\t\t\t\t<figure class=\"wp-caption\">\n\t\t\t\t\t\t\t\t\t\t<img fetchpriority=\"high\" decoding=\"async\" width=\"1024\" height=\"1024\" src=\"https:\/\/meta-mat.co.uk\/wp-content\/uploads\/2024\/11\/Acoustic1.avif\" class=\"attachment-full size-full wp-image-1842\" alt=\"\" srcset=\"https:\/\/meta-mat.co.uk\/wp-content\/uploads\/2024\/11\/Acoustic1.avif 1024w, https:\/\/meta-mat.co.uk\/wp-content\/uploads\/2024\/11\/Acoustic1-300x300.avif 300w, https:\/\/meta-mat.co.uk\/wp-content\/uploads\/2024\/11\/Acoustic1-150x150.avif 150w, https:\/\/meta-mat.co.uk\/wp-content\/uploads\/2024\/11\/Acoustic1-768x768.avif 768w, https:\/\/meta-mat.co.uk\/wp-content\/uploads\/2024\/11\/Acoustic1-12x12.avif 12w\" sizes=\"(max-width: 1024px) 100vw, 1024px\" \/>\t\t\t\t\t\t\t\t\t\t\t<figcaption class=\"widget-image-caption wp-caption-text\">Image by Freepik<\/figcaption>\n\t\t\t\t\t\t\t\t\t\t<\/figure>\n\t\t\t\t\t\t\t\t\t<\/div>\n\t\t\t\t<\/div>\n\t\t\t\t<\/div>\n\t\t<div class=\"elementor-element elementor-element-5aeb134 e-con-full e-flex e-con e-child\" data-id=\"5aeb134\" data-element_type=\"container\" data-e-type=\"container\">\n\t\t<div class=\"elementor-element elementor-element-25ce190 e-con-full e-flex e-con e-child\" data-id=\"25ce190\" data-element_type=\"container\" data-e-type=\"container\">\n\t\t\t\t<div class=\"elementor-element elementor-element-49167f5 elementor-widget elementor-widget-heading\" data-id=\"49167f5\" data-element_type=\"widget\" data-e-type=\"widget\" data-widget_type=\"heading.default\">\n\t\t\t\t<div class=\"elementor-widget-container\">\n\t\t\t\t\t<h2 class=\"elementor-heading-title elementor-size-default\">Full range of acoustic consultancy services.<\/h2>\t\t\t\t<\/div>\n\t\t\t\t<\/div>\n\t\t\t\t<\/div>\n\t\t\t\t<div class=\"elementor-element elementor-element-f3ebf1d elementor-widget elementor-widget-text-editor\" data-id=\"f3ebf1d\" data-element_type=\"widget\" data-e-type=\"widget\" data-widget_type=\"text-editor.default\">\n\t\t\t\t<div class=\"elementor-widget-container\">\n\t\t\t\t\t\t\t\t\t<p>In the realm of acoustics, metamaterials offer unprecedented control over sound waves, enabling the manipulation of sound propagation, absorption, and attenuation with remarkable precision. From noise reduction in urban environments to the creation of acoustic lenses and cloaking devices, the possibilities are as diverse as they are groundbreaking.<\/p><p>\u00a0<\/p><p class=\"body\" dir=\"auto\">Experience the game-changing potential of acoustical metamaterials in rooms, city halls, and cinemas. With precise control over sound waves, these engineered composites revolutionize acoustical design.<\/p><p class=\"body\" dir=\"auto\">In rooms, metamaterial panels sculpt sound, minimizing echoes and enhancing clarity for optimal listening environments. City halls benefit from reduced noise pollution and improved speech intelligibility, fostering harmonious urban spaces. Cinemas achieve superior audio immersion with metamaterial-based sound treatments, enriching the cinematic experience for audiences.<\/p><p class=\"body\" dir=\"auto\">Our consulting company specializes in acoustical metamaterial design, partnering with clients to transform soundscapes and elevate environments. Welcome to the future of acoustical innovation.<\/p>\t\t\t\t\t\t\t\t<\/div>\n\t\t\t\t<\/div>\n\t\t\t\t<\/div>\n\t\t\t\t\t<\/div>\n\t\t\t\t<\/div>\n\t\t\t\t\t<\/div>\n\t\t\t\t<\/div>\n\t\t<div class=\"elementor-element elementor-element-9a077ce e-flex e-con-boxed e-con e-parent\" data-id=\"9a077ce\" data-element_type=\"container\" data-e-type=\"container\" data-settings=\"{&quot;background_background&quot;:&quot;gradient&quot;}\">\n\t\t\t\t\t<div class=\"e-con-inner\">\n\t\t<div class=\"elementor-element elementor-element-859ebc5 e-flex e-con-boxed e-con e-child\" data-id=\"859ebc5\" data-element_type=\"container\" data-e-type=\"container\" data-settings=\"{&quot;background_background&quot;:&quot;classic&quot;}\">\n\t\t\t\t\t<div class=\"e-con-inner\">\n\t\t<div class=\"elementor-element elementor-element-895b276 e-con-full e-flex e-con e-child\" data-id=\"895b276\" data-element_type=\"container\" data-e-type=\"container\">\n\t\t\t\t<div class=\"elementor-element elementor-element-d06fa31 elementor-widget elementor-widget-heading\" data-id=\"d06fa31\" data-element_type=\"widget\" data-e-type=\"widget\" data-widget_type=\"heading.default\">\n\t\t\t\t<div class=\"elementor-widget-container\">\n\t\t\t\t\t<h3 class=\"elementor-heading-title elementor-size-default\">Vous avez une id\u00e9e d'entreprise en t\u00eate ?<\/h3>\t\t\t\t<\/div>\n\t\t\t\t<\/div>\n\t\t\t\t<div class=\"elementor-element elementor-element-0fed693 elementor-widget elementor-widget-text-editor\" data-id=\"0fed693\" data-element_type=\"widget\" data-e-type=\"widget\" data-widget_type=\"text-editor.default\">\n\t\t\t\t<div class=\"elementor-widget-container\">\n\t\t\t\t\t\t\t\t\t<p>Notre \u00e9quipe est l\u00e0 pour vous aider \u00e0 chaque \u00e9tape.<\/p>\t\t\t\t\t\t\t\t<\/div>\n\t\t\t\t<\/div>\n\t\t\t\t<\/div>\n\t\t<div class=\"elementor-element elementor-element-d5003d3 e-con-full e-flex e-con e-child\" data-id=\"d5003d3\" data-element_type=\"container\" data-e-type=\"container\">\n\t\t\t\t<div class=\"elementor-element elementor-element-3b24edd elementor-widget elementor-widget-button\" data-id=\"3b24edd\" data-element_type=\"widget\" data-e-type=\"widget\" data-widget_type=\"button.default\">\n\t\t\t\t<div class=\"elementor-widget-container\">\n\t\t\t\t\t\t\t\t\t<div class=\"elementor-button-wrapper\">\n\t\t\t\t\t<a class=\"elementor-button elementor-button-link elementor-size-sm\" href=\"https:\/\/meta-mat.co.uk\/fr\/contact-us\/\">\n\t\t\t\t\t\t<span class=\"elementor-button-content-wrapper\">\n\t\t\t\t\t\t\t\t\t<span class=\"elementor-button-text\">Commen\u00e7ons<\/span>\n\t\t\t\t\t<\/span>\n\t\t\t\t\t<\/a>\n\t\t\t\t<\/div>\n\t\t\t\t\t\t\t\t<\/div>\n\t\t\t\t<\/div>\n\t\t\t\t<\/div>\n\t\t\t\t\t<\/div>\n\t\t\t\t<\/div>\n\t\t\t\t\t<\/div>\n\t\t\t\t<\/div>\n\t\t\t\t<\/div>","protected":false},"excerpt":{"rendered":"<p>Image by Freepik Full range of acoustic consultancy services. In the realm of acoustics, metamaterials offer unprecedented control over sound waves, enabling the manipulation of sound propagation, absorption, and attenuation with remarkable precision. From noise reduction in urban environments to the creation of acoustic lenses and cloaking devices, the possibilities are as diverse as they [&hellip;]<\/p>","protected":false},"author":3,"featured_media":0,"parent":0,"menu_order":0,"comment_status":"closed","ping_status":"closed","template":"","meta":{"footnotes":""},"class_list":["post-1679","page","type-page","status-publish","hentry"],"blocksy_meta":{"page_title_panel":"","has_hero_section":"disabled","e38715bb122191d12b00a4ff2f5acc0d":"","hero_section":"type-1","hero_elements":[{"id":"custom_title","enabled":true,"heading_tag":"h1","title":"Accueil"},{"id":"custom_description","enabled":true,"description_visibility":{"desktop":true,"tablet":true,"mobile":false}},{"id":"custom_meta","enabled":false,"meta_elements":[{"id":"author","enabled":true,"label":"By","has_author_avatar":"yes","avatar_size":25},{"id":"post_date","enabled":true,"label":"On","date_format_source":"default","date_format":"M j, Y"},{"id":"updated_date","enabled":false,"label":"On","date_format_source":"default","date_format":"M j, Y"},{"id":"categories","enabled":false,"label":"In","style":"simple"},{"id":"comments","enabled":true}],"page_meta_elements":{"joined":true,"articles_count":true,"comments":true}},{"id":"breadcrumbs","enabled":false}],"cdfdc69e127db85256160ecef73f61cf":"","hero_alignment1":"CT_CSS_SKIP_RULE","hero_margin":40,"hero_alignment2":"center","hero_vertical_alignment":"center","6fea0e66a2b5d6a4880c87191c0e3589":"","hero_structure":"narrow","caec56dac1f3124aba4f24b90c3f166d":"","page_title_bg_type":"featured_image","custom_hero_background":{"attachment_id":null},"page_title_image_size":"full","parallax":{"desktop":false,"tablet":false,"mobile":false},"07106ee7ed2e4852a96bbd1e7c3ca084":"","hero_height":"250px","pageTitleFont":{"family":"Default","variation":"Default","size":"30px","line-height":"CT_CSS_SKIP_RULE","letter-spacing":"CT_CSS_SKIP_RULE","text-transform":"CT_CSS_SKIP_RULE","text-decoration":"CT_CSS_SKIP_RULE"},"pageTitleFontColor":{"default":{"color":"CT_CSS_SKIP_RULEDEFAULT"}},"pageMetaFont":{"family":"Default","variation":"n6","size":"12px","line-height":"1.3","letter-spacing":"CT_CSS_SKIP_RULE","text-transform":"uppercase","text-decoration":"CT_CSS_SKIP_RULE"},"pageMetaFontColor":{"default":{"color":"CT_CSS_SKIP_RULEDEFAULT"},"hover":{"color":"CT_CSS_SKIP_RULEDEFAULT"}},"page_meta_button_type_font_colors":{"default":{"color":"CT_CSS_SKIP_RULEDEFAULT"},"hover":{"color":"CT_CSS_SKIP_RULEDEFAULT"}},"page_meta_button_type_background_colors":{"default":{"color":"CT_CSS_SKIP_RULEDEFAULT"},"hover":{"color":"CT_CSS_SKIP_RULEDEFAULT"}},"pageExcerptFont":{"family":"Default","variation":"Default","size":"CT_CSS_SKIP_RULE","line-height":"CT_CSS_SKIP_RULE","letter-spacing":"CT_CSS_SKIP_RULE","text-transform":"CT_CSS_SKIP_RULE","text-decoration":"CT_CSS_SKIP_RULE"},"pageExcerptColor":{"default":{"color":"CT_CSS_SKIP_RULEDEFAULT"}},"breadcrumbsFont":{"family":"Default","variation":"Default","size":"CT_CSS_SKIP_RULE","line-height":"CT_CSS_SKIP_RULE","letter-spacing":"CT_CSS_SKIP_RULE","text-transform":"CT_CSS_SKIP_RULE","text-decoration":"CT_CSS_SKIP_RULE"},"breadcrumbsFontColor":{"default":{"color":"CT_CSS_SKIP_RULEDEFAULT"},"initial":{"color":"CT_CSS_SKIP_RULEDEFAULT"},"hover":{"color":"CT_CSS_SKIP_RULEDEFAULT"}},"pageTitleOverlay":{"background_type":"color","background_pattern":"type-1","background_image":{"attachment_id":null,"x":0,"y":0},"gradient":"linear-gradient(135deg,rgba(6,147,227,1) 0%,rgb(155,81,224) 100%)","background_repeat":"repeat","background_size":"auto","background_attachment":"scroll","patternColor":{"default":{"color":"#e5e7ea"}},"overlayColor":{"default":{"color":"CT_CSS_SKIP_RULE"}},"backgroundColor":{"default":{"color":"CT_CSS_SKIP_RULE"}}},"pageTitleBackground":{"background_type":"color","background_pattern":"type-1","background_image":{"attachment_id":null,"x":0,"y":0},"gradient":"linear-gradient(135deg,rgba(6,147,227,1) 0%,rgb(155,81,224) 100%)","background_repeat":"repeat","background_size":"auto","background_attachment":"scroll","patternColor":{"default":{"color":"#e5e7ea"}},"overlayColor":{"default":{"color":"CT_CSS_SKIP_RULE"}},"backgroundColor":{"default":{"color":"var(--theme-palette-color-6)"}}},"pageTitlePadding":{"top":"50px","bottom":"50px","left":"auto","right":"auto","linked":true},"8731634cc32e95e0be09e75dbf703b3f":"","page_structure_type":"default","6ef7870ac163491031ebf652adea8358":"","content_style_source":"inherit","content_style":"wide","vertical_spacing_source":"custom","content_area_spacing":"none","background":{"background_type":"color","background_pattern":"type-1","background_image":{"attachment_id":null,"x":0,"y":0},"gradient":"linear-gradient(135deg,rgba(6,147,227,1) 0%,rgb(155,81,224) 100%)","background_repeat":"repeat","background_size":"auto","background_attachment":"scroll","patternColor":{"default":{"color":"#e5e7ea"}},"overlayColor":{"default":{"color":"CT_CSS_SKIP_RULE"}},"backgroundColor":{"default":{"color":"CT_CSS_SKIP_RULE"}}},"content_background":{"background_type":"color","background_pattern":"type-1","background_image":{"attachment_id":null,"x":0,"y":0},"gradient":"linear-gradient(135deg,rgba(6,147,227,1) 0%,rgb(155,81,224) 100%)","background_repeat":"repeat","background_size":"auto","background_attachment":"scroll","patternColor":{"default":{"color":"#e5e7ea"}},"overlayColor":{"default":{"color":"CT_CSS_SKIP_RULE"}},"backgroundColor":{"default":{"color":"var(--theme-palette-color-8)"}}},"content_boxed_shadow":{"inherit":false,"blur":18,"spread":-6,"v_offset":12,"h_offset":0,"inset":false,"enable":true,"color":{"color":"rgba(34, 56, 101, 0.04)"}},"content_boxed_border":{"width":1,"style":"none","color":{"color":"rgba(44,62,80,0.2)"}},"content_boxed_radius":{"top":"3px","bottom":"3px","left":"3px","right":"3px","linked":true},"boxed_content_spacing":{"desktop":{"top":"40px","bottom":"40px","left":"40px","right":"40px","linked":true},"tablet":{"top":"35px","bottom":"35px","left":"35px","right":"35px","linked":true},"mobile":{"top":"20px","bottom":"20px","left":"20px","right":"20px","linked":true}},"36b606f0b937718d397a640df4fa4b31":"","disable_featured_image":"no","disable_share_box":"no","disable_header":"no","disable_footer":"no","styles_descriptor":{"styles":{"desktop":"","tablet":"","mobile":""},"google_fonts":[],"version":6}},"yoast_head":"<!-- This site is optimized with the Yoast SEO plugin v26.8 - https:\/\/yoast.com\/product\/yoast-seo-wordpress\/ -->\n<title>Building Acoustics - META MAT<\/title>\n<meta name=\"description\" content=\"MetaMAT offers expert acoustic consultancy for residential, commercial, educational, and healthcare projects, ensuring all designs meet industry standards.\" \/>\n<meta name=\"robots\" content=\"index, follow, max-snippet:-1, max-image-preview:large, max-video-preview:-1\" \/>\n<link rel=\"canonical\" href=\"https:\/\/meta-mat.co.uk\/fr\/building-acoustics\/\" \/>\n<meta property=\"og:locale\" content=\"fr_FR\" \/>\n<meta property=\"og:type\" content=\"article\" \/>\n<meta property=\"og:title\" content=\"Building Acoustics - META MAT\" \/>\n<meta property=\"og:description\" content=\"MetaMAT offers expert acoustic consultancy for residential, commercial, educational, and healthcare projects, ensuring all designs meet industry standards.\" \/>\n<meta property=\"og:url\" content=\"https:\/\/meta-mat.co.uk\/fr\/building-acoustics\/\" \/>\n<meta property=\"og:site_name\" content=\"META MAT\" \/>\n<meta property=\"article:modified_time\" content=\"2024-11-10T12:22:46+00:00\" \/>\n<meta name=\"twitter:card\" content=\"summary_large_image\" \/>\n<meta name=\"twitter:label1\" content=\"Dur\u00e9e de lecture estim\u00e9e\" \/>\n\t<meta name=\"twitter:data1\" content=\"1 minute\" \/>\n<script type=\"application\/ld+json\" class=\"yoast-schema-graph\">{\"@context\":\"https:\/\/schema.org\",\"@graph\":[{\"@type\":\"WebPage\",\"@id\":\"https:\/\/meta-mat.co.uk\/building-acoustics\/\",\"url\":\"https:\/\/meta-mat.co.uk\/building-acoustics\/\",\"name\":\"Building Acoustics - META MAT\",\"isPartOf\":{\"@id\":\"https:\/\/meta-mat.co.uk\/#website\"},\"primaryImageOfPage\":{\"@id\":\"https:\/\/meta-mat.co.uk\/building-acoustics\/#primaryimage\"},\"image\":{\"@id\":\"https:\/\/meta-mat.co.uk\/building-acoustics\/#primaryimage\"},\"thumbnailUrl\":\"https:\/\/meta-mat.co.uk\/wp-content\/uploads\/2024\/11\/Acoustic1.avif\",\"datePublished\":\"2024-07-01T21:51:14+00:00\",\"dateModified\":\"2024-11-10T12:22:46+00:00\",\"description\":\"MetaMAT offers expert acoustic consultancy for residential, commercial, educational, and healthcare projects, ensuring all designs meet industry standards.\",\"breadcrumb\":{\"@id\":\"https:\/\/meta-mat.co.uk\/building-acoustics\/#breadcrumb\"},\"inLanguage\":\"fr-FR\",\"potentialAction\":[{\"@type\":\"ReadAction\",\"target\":[\"https:\/\/meta-mat.co.uk\/building-acoustics\/\"]}]},{\"@type\":\"ImageObject\",\"inLanguage\":\"fr-FR\",\"@id\":\"https:\/\/meta-mat.co.uk\/building-acoustics\/#primaryimage\",\"url\":\"https:\/\/meta-mat.co.uk\/wp-content\/uploads\/2024\/11\/Acoustic1.avif\",\"contentUrl\":\"https:\/\/meta-mat.co.uk\/wp-content\/uploads\/2024\/11\/Acoustic1.avif\"},{\"@type\":\"BreadcrumbList\",\"@id\":\"https:\/\/meta-mat.co.uk\/building-acoustics\/#breadcrumb\",\"itemListElement\":[{\"@type\":\"ListItem\",\"position\":1,\"name\":\"Home\",\"item\":\"https:\/\/meta-mat.co.uk\/\"},{\"@type\":\"ListItem\",\"position\":2,\"name\":\"Building Acoustics\"}]},{\"@type\":\"WebSite\",\"@id\":\"https:\/\/meta-mat.co.uk\/#website\",\"url\":\"https:\/\/meta-mat.co.uk\/\",\"name\":\"META MAT\",\"description\":\"Illuminating the Path to Tomorrow&#039;s Innovations\",\"publisher\":{\"@id\":\"https:\/\/meta-mat.co.uk\/#organization\"},\"potentialAction\":[{\"@type\":\"SearchAction\",\"target\":{\"@type\":\"EntryPoint\",\"urlTemplate\":\"https:\/\/meta-mat.co.uk\/?s={search_term_string}\"},\"query-input\":{\"@type\":\"PropertyValueSpecification\",\"valueRequired\":true,\"valueName\":\"search_term_string\"}}],\"inLanguage\":\"fr-FR\"},{\"@type\":\"Organization\",\"@id\":\"https:\/\/meta-mat.co.uk\/#organization\",\"name\":\"META MAT\",\"url\":\"https:\/\/meta-mat.co.uk\/\",\"logo\":{\"@type\":\"ImageObject\",\"inLanguage\":\"fr-FR\",\"@id\":\"https:\/\/meta-mat.co.uk\/#\/schema\/logo\/image\/\",\"url\":\"https:\/\/meta-mat.co.uk\/wp-content\/uploads\/2026\/01\/50x30-Logo-Meta-Mat.png\",\"contentUrl\":\"https:\/\/meta-mat.co.uk\/wp-content\/uploads\/2026\/01\/50x30-Logo-Meta-Mat.png\",\"width\":635,\"height\":409,\"caption\":\"META MAT\"},\"image\":{\"@id\":\"https:\/\/meta-mat.co.uk\/#\/schema\/logo\/image\/\"}}]}<\/script>\n<!-- \/ Yoast SEO plugin. -->","yoast_head_json":{"title":"Building Acoustics - META MAT","description":"MetaMAT offers expert acoustic consultancy for residential, commercial, educational, and healthcare projects, ensuring all designs meet industry standards.","robots":{"index":"index","follow":"follow","max-snippet":"max-snippet:-1","max-image-preview":"max-image-preview:large","max-video-preview":"max-video-preview:-1"},"canonical":"https:\/\/meta-mat.co.uk\/fr\/building-acoustics\/","og_locale":"fr_FR","og_type":"article","og_title":"Building Acoustics - META MAT","og_description":"MetaMAT offers expert acoustic consultancy for residential, commercial, educational, and healthcare projects, ensuring all designs meet industry standards.","og_url":"https:\/\/meta-mat.co.uk\/fr\/building-acoustics\/","og_site_name":"META MAT","article_modified_time":"2024-11-10T12:22:46+00:00","twitter_card":"summary_large_image","twitter_misc":{"Dur\u00e9e de lecture estim\u00e9e":"1 minute"},"schema":{"@context":"https:\/\/schema.org","@graph":[{"@type":"WebPage","@id":"https:\/\/meta-mat.co.uk\/building-acoustics\/","url":"https:\/\/meta-mat.co.uk\/building-acoustics\/","name":"Building Acoustics - META MAT","isPartOf":{"@id":"https:\/\/meta-mat.co.uk\/#website"},"primaryImageOfPage":{"@id":"https:\/\/meta-mat.co.uk\/building-acoustics\/#primaryimage"},"image":{"@id":"https:\/\/meta-mat.co.uk\/building-acoustics\/#primaryimage"},"thumbnailUrl":"https:\/\/meta-mat.co.uk\/wp-content\/uploads\/2024\/11\/Acoustic1.avif","datePublished":"2024-07-01T21:51:14+00:00","dateModified":"2024-11-10T12:22:46+00:00","description":"MetaMAT offers expert acoustic consultancy for residential, commercial, educational, and healthcare projects, ensuring all designs meet industry standards.","breadcrumb":{"@id":"https:\/\/meta-mat.co.uk\/building-acoustics\/#breadcrumb"},"inLanguage":"fr-FR","potentialAction":[{"@type":"ReadAction","target":["https:\/\/meta-mat.co.uk\/building-acoustics\/"]}]},{"@type":"ImageObject","inLanguage":"fr-FR","@id":"https:\/\/meta-mat.co.uk\/building-acoustics\/#primaryimage","url":"https:\/\/meta-mat.co.uk\/wp-content\/uploads\/2024\/11\/Acoustic1.avif","contentUrl":"https:\/\/meta-mat.co.uk\/wp-content\/uploads\/2024\/11\/Acoustic1.avif"},{"@type":"BreadcrumbList","@id":"https:\/\/meta-mat.co.uk\/building-acoustics\/#breadcrumb","itemListElement":[{"@type":"ListItem","position":1,"name":"Home","item":"https:\/\/meta-mat.co.uk\/"},{"@type":"ListItem","position":2,"name":"Building Acoustics"}]},{"@type":"WebSite","@id":"https:\/\/meta-mat.co.uk\/#website","url":"https:\/\/meta-mat.co.uk\/","name":"META MAT","description":"Illuminating the Path to Tomorrow&#039;s Innovations","publisher":{"@id":"https:\/\/meta-mat.co.uk\/#organization"},"potentialAction":[{"@type":"SearchAction","target":{"@type":"EntryPoint","urlTemplate":"https:\/\/meta-mat.co.uk\/?s={search_term_string}"},"query-input":{"@type":"PropertyValueSpecification","valueRequired":true,"valueName":"search_term_string"}}],"inLanguage":"fr-FR"},{"@type":"Organization","@id":"https:\/\/meta-mat.co.uk\/#organization","name":"META MAT","url":"https:\/\/meta-mat.co.uk\/","logo":{"@type":"ImageObject","inLanguage":"fr-FR","@id":"https:\/\/meta-mat.co.uk\/#\/schema\/logo\/image\/","url":"https:\/\/meta-mat.co.uk\/wp-content\/uploads\/2026\/01\/50x30-Logo-Meta-Mat.png","contentUrl":"https:\/\/meta-mat.co.uk\/wp-content\/uploads\/2026\/01\/50x30-Logo-Meta-Mat.png","width":635,"height":409,"caption":"META MAT"},"image":{"@id":"https:\/\/meta-mat.co.uk\/#\/schema\/logo\/image\/"}}]}},"_links":{"self":[{"href":"https:\/\/meta-mat.co.uk\/fr\/wp-json\/wp\/v2\/pages\/1679","targetHints":{"allow":["GET"]}}],"collection":[{"href":"https:\/\/meta-mat.co.uk\/fr\/wp-json\/wp\/v2\/pages"}],"about":[{"href":"https:\/\/meta-mat.co.uk\/fr\/wp-json\/wp\/v2\/types\/page"}],"author":[{"embeddable":true,"href":"https:\/\/meta-mat.co.uk\/fr\/wp-json\/wp\/v2\/users\/3"}],"replies":[{"embeddable":true,"href":"https:\/\/meta-mat.co.uk\/fr\/wp-json\/wp\/v2\/comments?post=1679"}],"version-history":[{"count":13,"href":"https:\/\/meta-mat.co.uk\/fr\/wp-json\/wp\/v2\/pages\/1679\/revisions"}],"predecessor-version":[{"id":1845,"href":"https:\/\/meta-mat.co.uk\/fr\/wp-json\/wp\/v2\/pages\/1679\/revisions\/1845"}],"wp:attachment":[{"href":"https:\/\/meta-mat.co.uk\/fr\/wp-json\/wp\/v2\/media?parent=1679"}],"curies":[{"name":"wp","href":"https:\/\/api.w.org\/{rel}","templated":true}]}}